{"id":629,"date":"2014-02-21T09:39:46","date_gmt":"2014-02-21T09:39:46","guid":{"rendered":"http:\/\/www.bombeirosvaledecambra.pt\/?page_id=629"},"modified":"2017-01-28T13:21:57","modified_gmt":"2017-01-28T13:21:57","slug":"cadetes-e-infantes","status":"publish","type":"page","link":"http:\/\/www.bombeirosvaledecambra.pt\/?page_id=629","title":{"rendered":"Cadetes e Infantes"},"content":{"rendered":"<p><span style=\"font-size: 18px;\"><strong>Cadetes eInfantes<\/strong><\/span><\/p>\n<p>&nbsp;<\/p>\n<table style=\"width: 599px; height: 1628px;\" border=\"0\">\n<tbody>\n<tr>\n<td style=\"text-align: center;\"><span style=\"font-size: 12px;\"><strong>Nome<\/strong><\/span><\/td>\n<td style=\"text-align: center;\"><span style=\"font-size: 12px;\"><strong>N\u00famero Mecanogr\u00e1fico<\/strong><\/span><\/td>\n<td style=\"text-align: center;\"><span style=\"font-size: 12px;\"><strong> N\u00famero Interno <\/strong><\/span><\/td>\n<td style=\"text-align: center;\"><span style=\"font-size: 12px;\"><strong> Data de Admiss\u00e3o <\/strong><\/span><\/td>\n<\/tr>\n<tr>\n<td><span style=\"font-size: 12px;\"> Rafael Almeida Pinho<\/span><\/td>\n<td style=\"text-align: center;\"><span style=\"font-size: 12px;\"> 20013112<\/span><\/td>\n<td style=\"text-align: center;\"><span style=\"font-size: 12px;\"> 6<\/span><\/td>\n<td style=\"text-align: center;\"><span style=\"font-size: 12px;\">21-11-2016<\/span><\/td>\n<\/tr>\n<tr>\n<td><span style=\"font-size: 12px;\"> Marco Paulo Gon\u00e7alves Ribeiro<\/span><\/td>\n<td style=\"text-align: center;\"><span style=\"font-size: 12px;\"> 20033855<\/span><\/td>\n<td style=\"text-align: center;\"><span style=\"font-size: 12px;\"> 13<\/span><\/td>\n<td style=\"text-align: center;\"><span style=\"font-size: 12px;\">04-12-2014<\/span><\/td>\n<\/tr>\n<tr>\n<td><span style=\"font-size: 12px;\"> Tom\u00e1s Martins Silva<\/span><\/td>\n<td style=\"text-align: center;\"><span style=\"font-size: 12px;\"> 20023229<\/span><\/td>\n<td style=\"text-align: center;\"><span style=\"font-size: 12px;\"> 14<\/span><\/td>\n<td style=\"text-align: center;\"><span style=\"font-size: 12px;\">28-01-2013<\/span><\/td>\n<\/tr>\n<tr>\n<td><span style=\"font-size: 12px;\"> Bruno Miguel Tavares da Silva<\/span><\/td>\n<td style=\"text-align: center;\"><span style=\"font-size: 12px;\"> 20023234<\/span><\/td>\n<td style=\"text-align: center;\"><span style=\"font-size: 12px;\"> 15<\/span><\/td>\n<td style=\"text-align: center;\"><span style=\"font-size: 12px;\">28-01-2013<\/span><\/td>\n<\/tr>\n<tr>\n<td><span style=\"font-size: 12px;\"> Nuno Filipe Pais Martins<\/span><\/td>\n<td style=\"text-align: center;\"><span style=\"font-size: 12px;\"> 20023227<\/span><\/td>\n<td style=\"text-align: center;\"><span style=\"font-size: 12px;\"> 28<\/span><\/td>\n<td style=\"text-align: center;\"><span style=\"font-size: 12px;\">28-01-2013<\/span><\/td>\n<\/tr>\n<tr>\n<td><span style=\"font-size: 12px;\"> Jos\u00e9 Eduardo Martins de Oliveira<\/span><\/td>\n<td style=\"text-align: center;\"><span style=\"font-size: 12px;\"> 20043109<\/span><\/td>\n<td style=\"text-align: center;\"><span style=\"font-size: 12px;\"> 37<\/span><\/td>\n<td style=\"text-align: center;\"><span style=\"font-size: 12px;\">21-11-2016<\/span><\/td>\n<\/tr>\n<tr>\n<td><span style=\"font-size: 12px;\"> Bernardo Martins de Almeida Correia<\/span><\/td>\n<td style=\"text-align: center;\"><span style=\"font-size: 12px;\"> 20020784<\/span><\/td>\n<td style=\"text-align: center;\"><span style=\"font-size: 12px;\"> 39<\/span><\/td>\n<td style=\"text-align: center;\"><span style=\"font-size: 12px;\">04-12-2012<\/span><\/td>\n<\/tr>\n<tr>\n<td><span style=\"font-size: 12px;\"> Ana L\u00facia Pinheiro Oliveira<\/span><\/td>\n<td style=\"text-align: center;\"><span style=\"font-size: 12px;\"> 20043110<\/span><\/td>\n<td style=\"text-align: center;\"><span style=\"font-size: 12px;\"> 41<\/span><\/td>\n<td style=\"text-align: center;\"><span style=\"font-size: 12px;\">21-11-2016<\/span><\/td>\n<\/tr>\n<tr>\n<td><span style=\"font-size: 12px;\"> Victor Manuel Fonseca Soares<\/span><\/td>\n<td style=\"text-align: center;\"><span style=\"font-size: 12px;\"> 20020769<\/span><\/td>\n<td style=\"text-align: center;\"><span style=\"font-size: 12px;\"> 42<\/span><\/td>\n<td style=\"text-align: center;\"><span style=\"font-size: 12px;\">03-07-2012<\/span><\/td>\n<\/tr>\n<tr>\n<td><span style=\"font-size: 12px;\"> Diogo Fernandes Pinho<\/span><\/td>\n<td style=\"text-align: center;\"><span style=\"font-size: 12px;\"> 20043118<\/span><\/td>\n<td style=\"text-align: center;\"><span style=\"font-size: 12px;\"> 47<\/span><\/td>\n<td style=\"text-align: center;\"><span style=\"font-size: 12px;\">21-11-2016<\/span><\/td>\n<\/tr>\n<tr>\n<td><span style=\"font-size: 12px;\"> Mariana Filipa Oliveira Soares<\/span><\/td>\n<td style=\"text-align: center;\"><span style=\"font-size: 12px;\"> 20043120<\/span><\/td>\n<td style=\"text-align: center;\"><span style=\"font-size: 12px;\"> 48<\/span><\/td>\n<td style=\"text-align: center;\"><span style=\"font-size: 12px;\">21-11-2016<\/span><\/td>\n<\/tr>\n<tr>\n<td><span style=\"font-size: 12px;\"> Ana Beatriz Anjos Tavares Oliveira<\/span><\/td>\n<td style=\"text-align: center;\"><span style=\"font-size: 12px;\"> 20043111<\/span><\/td>\n<td style=\"text-align: center;\"><span style=\"font-size: 12px;\"> 56<\/span><\/td>\n<td style=\"text-align: center;\"><span style=\"font-size: 12px;\">21-11-2016<\/span><\/td>\n<\/tr>\n<tr>\n<td><span style=\"font-size: 12px;\"> Rita Sim\u00e3o Costa Martins<\/span><\/td>\n<td style=\"text-align: center;\"><span style=\"font-size: 12px;\"> 20020770<\/span><\/td>\n<td style=\"text-align: center;\"><span style=\"font-size: 12px;\"> 59<\/span><\/td>\n<td style=\"text-align: center;\"><span style=\"font-size: 12px;\">03-07-2012<\/span><\/td>\n<\/tr>\n<tr>\n<td><span style=\"font-size: 12px;\"> Leonor Rodrigues Campos<\/span><\/td>\n<td style=\"text-align: center;\"><span style=\"font-size: 12px;\"> 20043123<\/span><\/td>\n<td style=\"text-align: center;\"><span style=\"font-size: 12px;\"> 60<\/span><\/td>\n<td style=\"text-align: center;\"><span style=\"font-size: 12px;\">21-11-2016<\/span><\/td>\n<\/tr>\n<tr>\n<td><span style=\"font-size: 12px;\"> Miguel Angelo SoaresSilva<\/span><\/td>\n<td style=\"text-align: center;\"><span style=\"font-size: 12px;\"> 20020765<\/span><\/td>\n<td style=\"text-align: center;\"><span style=\"font-size: 12px;\"> 61<\/span><\/td>\n<td style=\"text-align: center;\"><span style=\"font-size: 12px;\">03-07-2012<\/span><\/td>\n<\/tr>\n<tr>\n<td><span style=\"font-size: 12px;\"> Francisco Tavares Bastos<\/span><\/td>\n<td style=\"text-align: center;\"><span style=\"font-size: 12px;\"> 20028154<\/span><\/td>\n<td style=\"text-align: center;\"><span style=\"font-size: 12px;\"> 62<\/span><\/td>\n<td style=\"text-align: center;\"><span style=\"font-size: 12px;\">01-01-2014<\/span><\/td>\n<\/tr>\n<tr>\n<td><span style=\"font-size: 12px;\"> Gabriel Henriques Vilarinho<\/span><\/td>\n<td style=\"text-align: center;\"><span style=\"font-size: 12px;\"> 20043107<\/span><\/td>\n<td style=\"text-align: center;\"><span style=\"font-size: 12px;\">63<\/span><\/td>\n<td style=\"text-align: center;\"><span style=\"font-size: 12px;\">01-01-2014<\/span><\/td>\n<\/tr>\n<tr>\n<td><span style=\"font-size: 12px;\"> Diogo Pinho Almeida<\/span><\/td>\n<td style=\"text-align: center;\"><span style=\"font-size: 12px;\"> 20028153<\/span><\/td>\n<td style=\"text-align: center;\"><span style=\"font-size: 12px;\"> 65<\/span><\/td>\n<td style=\"text-align: center;\"><span style=\"font-size: 12px;\">01-01-2014<\/span><\/td>\n<\/tr>\n<tr>\n<td><span style=\"font-size: 12px;\"> Jos\u00e9 Pedro da Rocha Soares<\/span><\/td>\n<td style=\"text-align: center;\"><span style=\"font-size: 12px;\"> 20043282<\/span><\/td>\n<td style=\"text-align: center;\"><span style=\"font-size: 12px;\"> 70<\/span><\/td>\n<td style=\"text-align: center;\"><span style=\"font-size: 12px;\">06-12-2016<\/span><\/td>\n<\/tr>\n<tr>\n<td><span style=\"font-size: 12px;\"> Bruna Raquel de Almeida Pinho<\/span><\/td>\n<td style=\"text-align: center;\"><span style=\"font-size: 12px;\"> 20043108<\/span><\/td>\n<td style=\"text-align: center;\"><span style=\"font-size: 12px;\"> 71<\/span><\/td>\n<td style=\"text-align: center;\"><span style=\"font-size: 12px;\">21-11-2016<\/span><\/td>\n<\/tr>\n<tr>\n<td><span style=\"font-size: 12px;\"> J\u00e9ssica<\/span><\/td>\n<td style=\"text-align: center;\"><span style=\"font-size: 12px;\"> 20028152<\/span><\/td>\n<td style=\"text-align: center;\"><span style=\"font-size: 12px;\"> 77<\/span><\/td>\n<td style=\"text-align: center;\"><span style=\"font-size: 12px;\">01-11-2014<\/span><\/td>\n<\/tr>\n<tr>\n<td><span style=\"font-size: 12px;\"> Francisca Martins Silva<\/span><\/td>\n<td style=\"text-align: center;\"><span style=\"font-size: 12px;\"> 20010772<\/span><\/td>\n<td style=\"text-align: center;\"><span style=\"font-size: 12px;\"> 80<\/span><\/td>\n<td style=\"text-align: center;\"><span style=\"font-size: 12px;\">03-07-2012<\/span><\/td>\n<\/tr>\n<tr>\n<td><span style=\"font-size: 12px;\"> Lu\u00eds Manuel Fonseca<\/span><\/td>\n<td style=\"text-align: center;\"><span style=\"font-size: 12px;\"> 20028151<\/span><\/td>\n<td style=\"text-align: center;\"><span style=\"font-size: 12px;\"> 81<\/span><\/td>\n<td style=\"text-align: center;\"><span style=\"font-size: 12px;\">01-01-2014<\/span><\/td>\n<\/tr>\n<tr>\n<td><span style=\"font-size: 12px;\"> Helena Maria Correia Jesus<\/span><\/td>\n<td style=\"text-align: center;\"><span style=\"font-size: 12px;\"> 20020776<\/span><\/td>\n<td style=\"text-align: center;\"><span style=\"font-size: 12px;\"> 84<\/span><\/td>\n<td style=\"text-align: center;\"><span style=\"font-size: 12px;\">03-07-2012<\/span><\/td>\n<\/tr>\n<tr>\n<td><span style=\"font-size: 12px;\"> Bruna Alexandra Costa Secret\u00e1rio<\/span><\/td>\n<td style=\"text-align: center;\"><span style=\"font-size: 12px;\"> 20020781<\/span><\/td>\n<td style=\"text-align: center;\"><span style=\"font-size: 12px;\"> 86<\/span><\/td>\n<td style=\"text-align: center;\"><span style=\"font-size: 12px;\">04-07-2012<\/span><\/td>\n<\/tr>\n<tr>\n<td><span style=\"font-size: 12px;\"> Gabriela Martins Teixeira<\/span><\/td>\n<td style=\"text-align: center;\"><span style=\"font-size: 12px;\"> 20023236<\/span><\/td>\n<td style=\"text-align: center;\"><span style=\"font-size: 12px;\"> 96<\/span><\/td>\n<td style=\"text-align: center;\"><span style=\"font-size: 12px;\">28-01-2013<\/span><\/td>\n<\/tr>\n<tr>\n<td><span style=\"font-size: 12px;\"> J\u00e9ssica Alexandra da Silva<\/span><\/td>\n<td style=\"text-align: center;\"><span style=\"font-size: 12px;\"> 20043115<\/span><\/td>\n<td style=\"text-align: center;\"><span style=\"font-size: 12px;\"> 114<\/span><\/td>\n<td style=\"text-align: center;\"><span style=\"font-size: 12px;\">21-11-2016<\/span><\/td>\n<\/tr>\n<tr>\n<td><span style=\"font-size: 12px;\"> Gon\u00e7alo Soares Oliveira<\/span><\/td>\n<td style=\"text-align: center;\"><span style=\"font-size: 12px;\"> 20028156<\/span><\/td>\n<td style=\"text-align: center;\"><span style=\"font-size: 12px;\"> 123<\/span><\/td>\n<td style=\"text-align: center;\"><span style=\"font-size: 12px;\">01-01-2014<\/span><\/td>\n<\/tr>\n<tr>\n<td><span style=\"font-size: 12px;\"> Gon\u00e7alo Miguel da Silva Oliveira<\/span><\/td>\n<td style=\"text-align: center;\"><span style=\"font-size: 12px;\"> 20043279<\/span><\/td>\n<td style=\"text-align: center;\"><span style=\"font-size: 12px;\"> 125<\/span><\/td>\n<td style=\"text-align: center;\"><span style=\"font-size: 12px;\">06-12-2016<\/span><\/td>\n<\/tr>\n<tr>\n<td><span style=\"font-size: 12px;\"> Gabriel da Silva Gon\u00e7alves<\/span><\/td>\n<td style=\"text-align: center;\"><span style=\"font-size: 12px;\"> 20043278<\/span><\/td>\n<td style=\"text-align: center;\"><span style=\"font-size: 12px;\"> 114<\/span><\/td>\n<td style=\"text-align: center;\"><span style=\"font-size: 12px;\">06-12-2016<\/span><\/td>\n<\/tr>\n<tr>\n<td><span style=\"font-size: 12px;\"> Raquel Alexandra Pereira Portugal<\/span><\/td>\n<td style=\"text-align: center;\"><span style=\"font-size: 12px;\"> 20043277<\/span><\/td>\n<td style=\"text-align: center;\"><span style=\"font-size: 12px;\"> 127<\/span><\/td>\n<td style=\"text-align: center;\"><span style=\"font-size: 12px;\">06-12-2016<\/span><\/td>\n<\/tr>\n<tr>\n<td><span style=\"font-size: 12px;\"> Maria Tavares Silva<\/span><\/td>\n<td style=\"text-align: center;\"><span style=\"font-size: 12px;\"> 20043276<\/span><\/td>\n<td style=\"text-align: center;\"><span style=\"font-size: 12px;\"> 114<\/span><\/td>\n<td style=\"text-align: center;\"><span style=\"font-size: 12px;\">06-12-2016<\/span><\/td>\n<\/tr>\n<tr>\n<td><span style=\"font-size: 12px;\"> Hugo Edgar Vilar Fernandes<\/span><\/td>\n<td style=\"text-align: center;\"><span style=\"font-size: 12px;\"> 20028149<\/span><\/td>\n<td style=\"text-align: center;\"><span style=\"font-size: 12px;\"> 133<\/span><\/td>\n<td style=\"text-align: center;\"><span style=\"font-size: 12px;\">01-01-2014<\/span><\/td>\n<\/tr>\n<tr>\n<td><span style=\"font-size: 12px;\"> Daniel Filipe Novo Bastos<\/span><\/td>\n<td style=\"text-align: center;\"><span style=\"font-size: 12px;\"> 20043182<\/span><\/td>\n<td style=\"text-align: center;\"><span style=\"font-size: 12px;\"> 134<\/span><\/td>\n<td style=\"text-align: center;\"><span style=\"font-size: 12px;\">27-11-2016<\/span><\/td>\n<\/tr>\n<tr>\n<td><span style=\"font-size: 12px;\"> Guilherme de Bastos Machado<\/span><\/td>\n<td style=\"text-align: center;\"><span style=\"font-size: 12px;\"> 20043338<\/span><\/td>\n<td style=\"text-align: center;\"><span style=\"font-size: 12px;\"> 138<\/span><\/td>\n<td style=\"text-align: center;\"><span style=\"font-size: 12px;\">12-12-2016<\/span><\/td>\n<\/tr>\n<tr>\n<td><span style=\"font-size: 12px;\"> Jos\u00e9 Rafael dos Santos Martins<\/span><\/td>\n<td style=\"text-align: center;\"><span style=\"font-size: 12px;\"> 20043181<\/span><\/td>\n<td style=\"text-align: center;\"><span style=\"font-size: 12px;\"> 140<\/span><\/td>\n<td style=\"text-align: center;\"><span style=\"font-size: 12px;\">27-11-2016<\/span><\/td>\n<\/tr>\n<tr>\n<td><span style=\"font-size: 12px;\"> Ana Gabriela Pereira Portugal<\/span><\/td>\n<td style=\"text-align: center;\"><span style=\"font-size: 12px;\"> 20043281<\/span><\/td>\n<td style=\"text-align: center;\"><span style=\"font-size: 12px;\"> 145<\/span><\/td>\n<td style=\"text-align: center;\"><span style=\"font-size: 12px;\">06-12-2016<\/span><\/td>\n<\/tr>\n<\/tbody>\n<\/table>\n","protected":false},"excerpt":{"rendered":"<p>Cadetes eInfantes &nbsp; Nome N\u00famero Mecanogr\u00e1fico N\u00famero Interno Data de Admiss\u00e3o Rafael Almeida Pinho 20013112 6 21-11-2016 Marco Paulo Gon\u00e7alves Ribeiro 20033855 13 04-12-2014 Tom\u00e1s Martins Silva 20023229 14 28-01-2013 Bruno Miguel Tavares da Silva 20023234 15 28-01-2013 Nuno Filipe Pais Martins 20023227 28 28-01-2013 Jos\u00e9 Eduardo Martins de Oliveira 20043109 37 21-11-2016 Bernardo Martins [&hellip;]<\/p>\n","protected":false},"author":4,"featured_media":0,"parent":0,"menu_order":0,"comment_status":"open","ping_status":"open","template":"","meta":[],"_links":{"self":[{"href":"http:\/\/www.bombeirosvaledecambra.pt\/index.php?rest_route=\/wp\/v2\/pages\/629"}],"collection":[{"href":"http:\/\/www.bombeirosvaledecambra.pt\/index.php?rest_route=\/wp\/v2\/pages"}],"about":[{"href":"http:\/\/www.bombeirosvaledecambra.pt\/index.php?rest_route=\/wp\/v2\/types\/page"}],"author":[{"embeddable":true,"href":"http:\/\/www.bombeirosvaledecambra.pt\/index.php?rest_route=\/wp\/v2\/users\/4"}],"replies":[{"embeddable":true,"href":"http:\/\/www.bombeirosvaledecambra.pt\/index.php?rest_route=%2Fwp%2Fv2%2Fcomments&post=629"}],"version-history":[{"count":8,"href":"http:\/\/www.bombeirosvaledecambra.pt\/index.php?rest_route=\/wp\/v2\/pages\/629\/revisions"}],"predecessor-version":[{"id":939,"href":"http:\/\/www.bombeirosvaledecambra.pt\/index.php?rest_route=\/wp\/v2\/pages\/629\/revisions\/939"}],"wp:attachment":[{"href":"http:\/\/www.bombeirosvaledecambra.pt\/index.php?rest_route=%2Fwp%2Fv2%2Fmedia&parent=629"}],"curies":[{"name":"wp","href":"https:\/\/api.w.org\/{rel}","templated":true}]}}