{"id":16,"date":"2013-04-03T08:52:44","date_gmt":"2013-04-03T08:52:44","guid":{"rendered":"http:\/\/localhost\/bombeiros\/?page_id=16"},"modified":"2022-04-05T21:43:25","modified_gmt":"2022-04-05T21:43:25","slug":"galeria","status":"publish","type":"page","link":"https:\/\/www.bombeirosvaledecambra.pt\/?page_id=16","title":{"rendered":"Galeria"},"content":{"rendered":"<table border=\"1\" align=\"left\">\n<tbody>\n<tr>\n<td class=\"aligncenter\" style=\"width: 200px; height: 150px;\" scope=\"col\" align=\"center\" valign=\"middle\"><a title=\"Associa\u00e7\u00e3o\" href=\"https:\/\/drive.google.com\/folderview?id=0B9BvveBcfxnKX1NxUFRYTlVNTTA&amp;usp=sharing\" target=\"_blank\" rel=\"noopener\"><span style=\"font-size: 32px; font-family: impact, chicago;\">ASSOCIA\u00c7\u00c3O<\/span><\/a><\/td>\n<td style=\"text-align: center; width: 200px; height: 150px;\"><a title=\"Operacionalidade\" href=\"https:\/\/drive.google.com\/folderview?id=0B9BvveBcfxnKdFlEZk5iTUNIQTA&amp;usp=sharing\" target=\"_blank\" rel=\"noopener\"><span style=\"font-size: 32px; font-family: impact, chicago;\">OPERACIONALIDADE<\/span><\/a><\/td>\n<td style=\"text-align: center; width: 200px; height: 150px;\"><a title=\"Juvebombeiro\" href=\"https:\/\/drive.google.com\/folderview?id=0B9BvveBcfxnKTHpZSjFCcEdwMHc&amp;usp=sharing\" target=\"_blank\" rel=\"noopener\"><span style=\"font-size: 32px; font-family: impact, chicago;\">JUVEBOMBEIRO<\/span><\/a><\/td>\n<\/tr>\n<tr>\n<td class=\"aligncenter\" style=\"width: 200px; height: 150px; text-align: center;\" scope=\"col\" align=\"center\" valign=\"middle\"><\/td>\n<td style=\"text-align: center; width: 200px; height: 100px;\"><a href=\"http:\/\/www.youtube.com\/user\/bombeirosvalecambra\" target=\"_blank\" rel=\"noopener\"><span style=\"font-size: 32px; font-family: impact, chicago;\">VIDEOS<\/span><\/a><\/td>\n<td style=\"text-align: center; width: 200px; height: 100px;\"><span style=\"font-family: impact, chicago; font-size: 32px;\"><a href=\"https:\/\/drive.google.com\/folderview?id=0B9BvveBcfxnKUmtWTDR0NURxVlk&amp;usp=sharing\" target=\"_blank\" rel=\"noopener\">MANUAIS<\/a><\/span><\/td>\n<\/tr>\n<tr>\n<td class=\"aligncenter\" style=\"width: 200px; height: 150px;\" scope=\"col\" align=\"center\" valign=\"middle\"><span style=\"font-size: 32px; font-family: impact, chicago;\"><a title=\"Fanfarra\" href=\"https:\/\/drive.google.com\/folderview?id=0B9BvveBcfxnKN29rMEZHaDZsUkU&amp;usp=sharing\" target=\"_blank\" rel=\"noopener\">FANFARRA<\/a><\/span><\/td>\n<td style=\"text-align: center; width: 200px; height: 150px;\"><a title=\"Infantes\" href=\"https:\/\/drive.google.com\/folderview?id=0B9BvveBcfxnKTEotbUxHc0hZWTA&amp;usp=sharing\" target=\"_blank\" rel=\"noopener\"><span style=\"font-size: 32px; font-family: impact, chicago;\">INFANTES<\/span><\/a><\/td>\n<td style=\"text-align: center; width: 200px; height: 150px;\"><a title=\"Viaturas e instala\u00e7\u00f5es\" href=\"https:\/\/drive.google.com\/folderview?id=0B9BvveBcfxnKQm5UbmRLVDJVZTQ&amp;usp=sharing\" target=\"_blank\" rel=\"noopener\"><span style=\"font-size: 32px; font-family: impact, chicago;\">VIATURAS<\/span><\/a><br \/>\n<a title=\"Viaturas e instala\u00e7\u00f5es\" href=\"https:\/\/drive.google.com\/folderview?id=0B9BvveBcfxnKQm5UbmRLVDJVZTQ&amp;usp=sharing\" target=\"_blank\" rel=\"noopener\"><span style=\"font-size: 32px; font-family: impact, chicago;\">E<\/span><\/a><br \/>\n<a title=\"Viaturas e instala\u00e7\u00f5es\" href=\"https:\/\/drive.google.com\/folderview?id=0B9BvveBcfxnKQm5UbmRLVDJVZTQ&amp;usp=sharing\" target=\"_blank\" rel=\"noopener\"><span style=\"font-size: 32px; font-family: impact, chicago;\">INSTALA\u00c7\u00d5ES<\/span>\u00a0<\/a><\/td>\n<\/tr>\n<\/tbody>\n<\/table>\n","protected":false},"excerpt":{"rendered":"<p>ASSOCIA\u00c7\u00c3O OPERACIONALIDADE JUVEBOMBEIRO VIDEOS MANUAIS FANFARRA INFANTES VIATURAS E INSTALA\u00c7\u00d5ES\u00a0<\/p>\n","protected":false},"author":4,"featured_media":0,"parent":0,"menu_order":0,"comment_status":"open","ping_status":"open","template":"","meta":[],"_links":{"self":[{"href":"https:\/\/www.bombeirosvaledecambra.pt\/index.php?rest_route=\/wp\/v2\/pages\/16"}],"collection":[{"href":"https:\/\/www.bombeirosvaledecambra.pt\/index.php?rest_route=\/wp\/v2\/pages"}],"about":[{"href":"https:\/\/www.bombeirosvaledecambra.pt\/index.php?rest_route=\/wp\/v2\/types\/page"}],"author":[{"embeddable":true,"href":"https:\/\/www.bombeirosvaledecambra.pt\/index.php?rest_route=\/wp\/v2\/users\/4"}],"replies":[{"embeddable":true,"href":"https:\/\/www.bombeirosvaledecambra.pt\/index.php?rest_route=%2Fwp%2Fv2%2Fcomments&post=16"}],"version-history":[{"count":36,"href":"https:\/\/www.bombeirosvaledecambra.pt\/index.php?rest_route=\/wp\/v2\/pages\/16\/revisions"}],"predecessor-version":[{"id":1088,"href":"https:\/\/www.bombeirosvaledecambra.pt\/index.php?rest_route=\/wp\/v2\/pages\/16\/revisions\/1088"}],"wp:attachment":[{"href":"https:\/\/www.bombeirosvaledecambra.pt\/index.php?rest_route=%2Fwp%2Fv2%2Fmedia&parent=16"}],"curies":[{"name":"wp","href":"https:\/\/api.w.org\/{rel}","templated":true}]}}