{"id":51,"date":"2013-04-09T09:38:45","date_gmt":"2013-04-09T09:38:45","guid":{"rendered":"http:\/\/localhost\/bombeiros\/?page_id=51"},"modified":"2013-06-11T08:17:05","modified_gmt":"2013-06-11T08:17:05","slug":"mensagem-do-comandante","status":"publish","type":"page","link":"https:\/\/www.bombeirosvaledecambra.pt\/?page_id=51","title":{"rendered":"Mensagem do Comandante"},"content":{"rendered":"<p>Amigo Visitante,<\/p>\n<p>&nbsp;<\/p>\n<p>Em nome do Corpo de Bombeiros Volunt\u00e1rios de Vale de Cambra, cabe me dar lhe as boas vindas a este sitio da internet, onde ambicionamos mostrar-lhe quem somos e o que fazemos.<\/p>\n<p>&nbsp;<\/p>\n<p>\u00c9 com enorme honra e orgulho que sou Bombeiro Volunt\u00e1rio desde 1986, neste Corpo de Bombeiros, longe de imaginar que hoje estaria no Comando de Homens e Mulheres que d\u00e3o todos os dias o seu melhor em prol da comunidade.<\/p>\n<p>&nbsp;<\/p>\n<p>Ciente do legado deixado dos meus antecessores, e s\u00e3o mais 50 anos de presta\u00e7\u00e3o de socorro, tem este Comando desenvolvido esfor\u00e7os a todos os n\u00edveis, para manter os seus Bombeiros com um n\u00edvel de forma\u00e7\u00e3o adequado para intervir nas mais diferentes \u00e1reas de socorro, a forma\u00e7\u00e3o tem sido uma constante desde 2010, assim como a moderniza\u00e7\u00e3o de equipamentos e ve\u00edculos de socorro, passando pela aquisi\u00e7\u00e3o de novos e recupera\u00e7\u00e3o\/requalifica\u00e7\u00e3o de outros, onde a seguran\u00e7a dos mesmos tem sido uma constante, o caso dos ve\u00edculos de interven\u00e7\u00e3o florestal, onde a Dire\u00e7\u00e3o sempre apoiou em todas as solicita\u00e7\u00f5es para estas \u00e1reas de investimento.<\/p>\n<p>&nbsp;<\/p>\n<p>Com a constru\u00e7\u00e3o do novo Quartel Operacional, iremos ficar dotados de mais-valias a todos os n\u00edveis, pois atualmente al\u00e9m da inoperacionalidade do atual Quartel, tendo haver com a envolvente urbana e condicionalismos das vias o mesmo apresenta um d\u00e9fice de recursos nas instala\u00e7\u00f5es para que o Corpo de Bombeiros, possa ter algum conforto e bem estar aquando da sua perman\u00eancia nos piquetes de servi\u00e7o, para isso n\u00e3o alheio \u00e1s responsabilidades o meu apelo \u00e1 comunidade para a ajuda neste projeto.<\/p>\n<p>&nbsp;<\/p>\n<p>A raz\u00e3o da nossa exist\u00eancia \u00e9 o socorro da Comunidade Valecambrense, e todo faremos para garantir esse objetivo, \u00e9 nos tempos mais cr\u00edticos que o Corpo de Bombeiros garante a seguran\u00e7a e bem-estar da popula\u00e7\u00e3o, colocamos \u00e0 sua disposi\u00e7\u00e3o informa\u00e7\u00f5es que consideramos pertinentes, e esperamos que atrav\u00e9s deste novo tipo de comunica\u00e7\u00e3o possamos ser uma imagem mais fi\u00e1vel do que somos e o que fazemos.<\/p>\n<p>&nbsp;<\/p>\n<p>Esperamos consegui-lo com a nossa p\u00e1gina porque, Nunca seremos muitos\u2026Para socorrer!<\/p>\n<p>&nbsp;<\/p>\n<p>O Comandante<\/p>\n<p>&nbsp;<\/p>\n<p>Victor Manuel Machado Ferreira<\/p>\n<p>&nbsp;<\/p>\n<p><img loading=\"lazy\" class=\"alignnone size-full wp-image-200\" alt=\"comandante\" src=\"http:\/\/www.bombeirosvaledecambra.pt\/wp-content\/uploads\/2013\/04\/comandante.jpg\" width=\"555\" height=\"543\" \/><\/p>\n","protected":false},"excerpt":{"rendered":"<p>Amigo Visitante, &nbsp; Em nome do Corpo de Bombeiros Volunt\u00e1rios de Vale de Cambra, cabe me dar lhe as boas vindas a este sitio da internet, onde ambicionamos mostrar-lhe quem somos e o que fazemos. &nbsp; \u00c9 com enorme honra e orgulho que sou Bombeiro Volunt\u00e1rio desde 1986, neste Corpo de Bombeiros, longe de imaginar [&hellip;]<\/p>\n","protected":false},"author":4,"featured_media":0,"parent":0,"menu_order":0,"comment_status":"open","ping_status":"open","template":"","meta":[],"_links":{"self":[{"href":"https:\/\/www.bombeirosvaledecambra.pt\/index.php?rest_route=\/wp\/v2\/pages\/51"}],"collection":[{"href":"https:\/\/www.bombeirosvaledecambra.pt\/index.php?rest_route=\/wp\/v2\/pages"}],"about":[{"href":"https:\/\/www.bombeirosvaledecambra.pt\/index.php?rest_route=\/wp\/v2\/types\/page"}],"author":[{"embeddable":true,"href":"https:\/\/www.bombeirosvaledecambra.pt\/index.php?rest_route=\/wp\/v2\/users\/4"}],"replies":[{"embeddable":true,"href":"https:\/\/www.bombeirosvaledecambra.pt\/index.php?rest_route=%2Fwp%2Fv2%2Fcomments&post=51"}],"version-history":[{"count":5,"href":"https:\/\/www.bombeirosvaledecambra.pt\/index.php?rest_route=\/wp\/v2\/pages\/51\/revisions"}],"predecessor-version":[{"id":202,"href":"https:\/\/www.bombeirosvaledecambra.pt\/index.php?rest_route=\/wp\/v2\/pages\/51\/revisions\/202"}],"wp:attachment":[{"href":"https:\/\/www.bombeirosvaledecambra.pt\/index.php?rest_route=%2Fwp%2Fv2%2Fmedia&parent=51"}],"curies":[{"name":"wp","href":"https:\/\/api.w.org\/{rel}","templated":true}]}}