{"id":7,"date":"2013-04-03T08:51:38","date_gmt":"2013-04-03T08:51:38","guid":{"rendered":"http:\/\/localhost\/bombeiros\/?page_id=7"},"modified":"2013-04-03T08:51:38","modified_gmt":"2013-04-03T08:51:38","slug":"missao","status":"publish","type":"page","link":"https:\/\/www.bombeirosvaledecambra.pt\/?page_id=7","title":{"rendered":"Miss\u00e3o"},"content":{"rendered":"<p>Constitui miss\u00e3o do CB:<\/p>\n<ul>\n<li>A preven\u00e7\u00e3o e o combate a inc\u00eandios;<\/li>\n<li>O socorro \u00e0s popula\u00e7\u00f5es, em caso de inc\u00eandios, inunda\u00e7\u00f5es, desabamentos e, de um modo geral, em todos os acidentes;<\/li>\n<li>O socorro a n\u00e1ufragos e buscas subaqu\u00e1ticas;<\/li>\n<li>O socorro e transporte de acidentados e doentes, incluindo a urg\u00eancia pr\u00e9-hospitalar, no \u00e2mbito do sistema integrado de emerg\u00eancia m\u00e9dica;<\/li>\n<li>A emiss\u00e3o, nos termos da lei, de pareceres t\u00e9cnicos em mat\u00e9ria de preven\u00e7\u00e3o e seguran\u00e7a contra riscos de inc\u00eandio e outros sinistros;<\/li>\n<li>A participa\u00e7\u00e3o em outras actividades de protec\u00e7\u00e3o civil, no \u00e2mbito do exerc\u00edcio das fun\u00e7\u00f5es espec\u00edficas que lhes forem cometidas;<\/li>\n<li>O exerc\u00edcio de actividades de forma\u00e7\u00e3o e sensibiliza\u00e7\u00e3o, com especial incid\u00eancia para a preven\u00e7\u00e3o do risco de inc\u00eandio e acidentes;<\/li>\n<li>A participa\u00e7\u00e3o em outras ac\u00e7\u00f5es e o exerc\u00edcio de outras actividades, para as quais estejam tecnicamente preparados e se enquadrem nos seus fins espec\u00edficos e nos fins das respectivas entidades detentoras;<\/li>\n<li>A presta\u00e7\u00e3o de outros servi\u00e7os previstos nos regulamentos internos e demais legisla\u00e7\u00e3o aplic\u00e1vel.<\/li>\n<\/ul>\n","protected":false},"excerpt":{"rendered":"<p>Constitui miss\u00e3o do CB: A preven\u00e7\u00e3o e o combate a inc\u00eandios; O socorro \u00e0s popula\u00e7\u00f5es, em caso de inc\u00eandios, inunda\u00e7\u00f5es, desabamentos e, de um modo geral, em todos os acidentes; O socorro a n\u00e1ufragos e buscas subaqu\u00e1ticas; O socorro e transporte de acidentados e doentes, incluindo a urg\u00eancia pr\u00e9-hospitalar, no \u00e2mbito do sistema integrado de [&hellip;]<\/p>\n","protected":false},"author":4,"featured_media":0,"parent":0,"menu_order":0,"comment_status":"open","ping_status":"open","template":"","meta":[],"_links":{"self":[{"href":"https:\/\/www.bombeirosvaledecambra.pt\/index.php?rest_route=\/wp\/v2\/pages\/7"}],"collection":[{"href":"https:\/\/www.bombeirosvaledecambra.pt\/index.php?rest_route=\/wp\/v2\/pages"}],"about":[{"href":"https:\/\/www.bombeirosvaledecambra.pt\/index.php?rest_route=\/wp\/v2\/types\/page"}],"author":[{"embeddable":true,"href":"https:\/\/www.bombeirosvaledecambra.pt\/index.php?rest_route=\/wp\/v2\/users\/4"}],"replies":[{"embeddable":true,"href":"https:\/\/www.bombeirosvaledecambra.pt\/index.php?rest_route=%2Fwp%2Fv2%2Fcomments&post=7"}],"version-history":[{"count":1,"href":"https:\/\/www.bombeirosvaledecambra.pt\/index.php?rest_route=\/wp\/v2\/pages\/7\/revisions"}],"predecessor-version":[{"id":8,"href":"https:\/\/www.bombeirosvaledecambra.pt\/index.php?rest_route=\/wp\/v2\/pages\/7\/revisions\/8"}],"wp:attachment":[{"href":"https:\/\/www.bombeirosvaledecambra.pt\/index.php?rest_route=%2Fwp%2Fv2%2Fmedia&parent=7"}],"curies":[{"name":"wp","href":"https:\/\/api.w.org\/{rel}","templated":true}]}}